{"id":7019,"date":"2023-10-06T04:13:39","date_gmt":"2023-10-06T04:13:39","guid":{"rendered":"https:\/\/miniture.novaworks.net\/?page_id=15"},"modified":"2026-03-26T16:02:10","modified_gmt":"2026-03-26T16:02:10","slug":"about-us","status":"publish","type":"page","link":"https:\/\/desegundavez.cl\/?page_id=7019","title":{"rendered":"Quienes somos"},"content":{"rendered":"\t\t<div data-elementor-type=\"wp-page\" data-elementor-id=\"7019\" class=\"elementor elementor-7019\">\n\t\t\t\t<div class=\"elementor-element elementor-element-40ec82a e-flex e-con-boxed kitify-col-width-auto-no ignore-docs-style-no kitify-disable-relative-no e-root-container elementor-top-section e-con e-parent\" data-id=\"40ec82a\" data-element_type=\"container\" data-e-type=\"container\">\n\t\t\t\t\t<div class=\"e-con-inner\">\n\t\t\t\t<div class=\"elementor-element elementor-element-eb8bd4d elementor-widget__width-initial elementor-invisible kitify-has-entrance-animation elementor-widget elementor-widget-heading\" data-id=\"eb8bd4d\" data-element_type=\"widget\" data-e-type=\"widget\" data-settings=\"{&quot;_animation&quot;:&quot;kitifyShortFadeInUp&quot;}\" data-widget_type=\"heading.default\">\n\t\t\t\t\t<h2 class=\"elementor-heading-title elementor-size-default\"><p style=\"font-weight: 400;white-space: normal\"><b>Somos&nbsp;<\/b><b style=\"font-family: var(--site-secondary-font);font-size: inherit;text-align: var(--text-align)\">De Segunda Vez.<\/b><span style=\"font-family: var(--site-secondary-font);font-weight: 600;white-space: pre-wrap;text-align: var(--text-align)\"><\/span><\/p><\/h2>\t\t\t\t<\/div>\n\t\t\t\t<div class=\"elementor-element elementor-element-2a75737 elementor-invisible kitify-has-entrance-animation elementor-widget elementor-widget-image\" data-id=\"2a75737\" data-element_type=\"widget\" data-e-type=\"widget\" data-settings=\"{&quot;_animation&quot;:&quot;kitifyShortFadeInUp&quot;}\" data-widget_type=\"image.default\">\n\t\t\t\t\t\t\t\t\t\t\t\t\t\t\t<img fetchpriority=\"high\" decoding=\"async\" width=\"700\" height=\"700\" src=\"https:\/\/desegundavez.cl\/wp-content\/uploads\/2026\/03\/WhatsApp-Image-2026-03-26-at-12.47.11-1-700x700.jpeg\" class=\"attachment-woocommerce_thumbnail size-woocommerce_thumbnail wp-image-7600\" alt=\"\" srcset=\"https:\/\/desegundavez.cl\/wp-content\/uploads\/2026\/03\/WhatsApp-Image-2026-03-26-at-12.47.11-1-700x700.jpeg 700w, https:\/\/desegundavez.cl\/wp-content\/uploads\/2026\/03\/WhatsApp-Image-2026-03-26-at-12.47.11-1-150x150.jpeg 150w, https:\/\/desegundavez.cl\/wp-content\/uploads\/2026\/03\/WhatsApp-Image-2026-03-26-at-12.47.11-1-250x250.jpeg 250w, https:\/\/desegundavez.cl\/wp-content\/uploads\/2026\/03\/WhatsApp-Image-2026-03-26-at-12.47.11-1-50x50.jpeg 50w, https:\/\/desegundavez.cl\/wp-content\/uploads\/2026\/03\/WhatsApp-Image-2026-03-26-at-12.47.11-1-100x100.jpeg 100w\" sizes=\"(max-width: 700px) 100vw, 700px\" \/>\t\t\t\t\t\t\t\t\t\t\t\t\t\t\t<\/div>\n\t\t\t\t\t<\/div>\n\t\t\t\t<\/div>\n\t\t<div class=\"elementor-element elementor-element-9b6030b e-flex e-con-boxed kitify-col-width-auto-no ignore-docs-style-no kitify-disable-relative-no elementor-invisible e-root-container elementor-top-section kitify-has-entrance-animation e-con e-parent\" data-id=\"9b6030b\" data-element_type=\"container\" data-e-type=\"container\" data-settings=\"{&quot;animation&quot;:&quot;kitifyShortFadeInUp&quot;}\">\n\t\t\t\t\t<div class=\"e-con-inner\">\n\t\t<div class=\"elementor-element elementor-element-d5f6798 e-con-full e-flex kitify-col-width-auto-no ignore-docs-style-no kitify-disable-relative-no e-con e-child\" data-id=\"d5f6798\" data-element_type=\"container\" data-e-type=\"container\">\n\t\t\t\t<div class=\"elementor-element elementor-element-cd586e7 elementor-widget elementor-widget-heading\" data-id=\"cd586e7\" data-element_type=\"widget\" data-e-type=\"widget\" data-widget_type=\"heading.default\">\n\t\t\t\t\t<h3 class=\"elementor-heading-title elementor-size-default\">Established in 2008<\/h3>\t\t\t\t<\/div>\n\t\t\t\t<\/div>\n\t\t<div class=\"elementor-element elementor-element-25d51ad e-con-full e-flex kitify-col-width-auto-no ignore-docs-style-no kitify-disable-relative-no e-con e-child\" data-id=\"25d51ad\" data-element_type=\"container\" data-e-type=\"container\">\n\t\t\t\t<div class=\"elementor-element elementor-element-d03a395 elementor-widget elementor-widget-heading\" data-id=\"d03a395\" data-element_type=\"widget\" data-e-type=\"widget\" data-widget_type=\"heading.default\">\n\t\t\t\t\t<p class=\"elementor-heading-title elementor-size-default\"><p style=\"white-space: normal\">Detr\u00e1s de este proyecto hay dos hermanas, una casa llena de historias y una misi\u00f3n simple y profunda:&nbsp;<span><b>darle una nueva vida a lo que otros ya no usan.<\/b><\/span><span style=\"white-space: pre-wrap;text-align: var(--text-align);font-family: var(--site-main-font)\"><\/span><\/p><\/p>\t\t\t\t<\/div>\n\t\t\t\t<\/div>\n\t\t\t\t\t<\/div>\n\t\t\t\t<\/div>\n\t\t<div class=\"elementor-element elementor-element-326fe39 e-flex e-con-boxed kitify-col-width-auto-no ignore-docs-style-no kitify-disable-relative-no elementor-invisible e-root-container elementor-top-section kitify-has-entrance-animation e-con e-parent\" data-id=\"326fe39\" data-element_type=\"container\" data-e-type=\"container\" data-settings=\"{&quot;animation&quot;:&quot;kitifyShortFadeInUp&quot;}\">\n\t\t\t\t\t<div class=\"e-con-inner\">\n\t\t<div class=\"elementor-element elementor-element-d5ca379 e-con-full e-flex kitify-col-width-auto-no ignore-docs-style-no kitify-disable-relative-no e-con e-child\" data-id=\"d5ca379\" data-element_type=\"container\" data-e-type=\"container\">\n\t\t\t\t<div class=\"elementor-element elementor-element-1431a5e elementor-widget elementor-widget-heading\" data-id=\"1431a5e\" data-element_type=\"widget\" data-e-type=\"widget\" data-widget_type=\"heading.default\">\n\t\t\t\t\t<h3 class=\"elementor-heading-title elementor-size-default\">The Early Years<\/h3>\t\t\t\t<\/div>\n\t\t\t\t<\/div>\n\t\t<div class=\"elementor-element elementor-element-1bcf31b e-con-full e-flex kitify-col-width-auto-no ignore-docs-style-no kitify-disable-relative-no e-con e-child\" data-id=\"1bcf31b\" data-element_type=\"container\" data-e-type=\"container\">\n\t\t\t\t<div class=\"elementor-element elementor-element-02fbde1 elementor-widget elementor-widget-heading\" data-id=\"02fbde1\" data-element_type=\"widget\" data-e-type=\"widget\" data-widget_type=\"heading.default\">\n\t\t\t\t\t<p class=\"elementor-heading-title elementor-size-default\"><p class=\"p1\" style=\"white-space: normal\">Trinidad Bezanilla es artista visual, gestora cultural y mam\u00e1. Su mundo est\u00e1 hecho de pintura, danza y objetos con alma. Javiera Bezanilla es administradora de servicios, mam\u00e1 y la mente ordenada del proyecto: amante del pilates, la cer\u00e1mica y los panoramas simples con familia y amigos.<\/p><p class=\"p1\" style=\"white-space: normal\">Juntas, mezclamos creatividad, estructura y cari\u00f1o en cada pieza que pasa por nuestras manos.<\/p><\/p>\t\t\t\t<\/div>\n\t\t\t\t<\/div>\n\t\t\t\t\t<\/div>\n\t\t\t\t<\/div>\n\t\t<div class=\"elementor-element elementor-element-6bc0549 e-flex e-con-boxed kitify-col-width-auto-no ignore-docs-style-no kitify-disable-relative-no elementor-invisible e-root-container elementor-top-section kitify-has-entrance-animation e-con e-parent\" data-id=\"6bc0549\" data-element_type=\"container\" data-e-type=\"container\" data-settings=\"{&quot;animation&quot;:&quot;kitifyShortFadeInUp&quot;}\">\n\t\t\t\t\t<div class=\"e-con-inner\">\n\t\t<div class=\"elementor-element elementor-element-7ca89e0 e-con-full e-flex kitify-col-width-auto-no ignore-docs-style-no kitify-disable-relative-no e-con e-child\" data-id=\"7ca89e0\" data-element_type=\"container\" data-e-type=\"container\">\n\t\t\t\t<div class=\"elementor-element elementor-element-b750374 elementor-widget elementor-widget-heading\" data-id=\"b750374\" data-element_type=\"widget\" data-e-type=\"widget\" data-widget_type=\"heading.default\">\n\t\t\t\t\t<h3 class=\"elementor-heading-title elementor-size-default\">Growth and Expansion<\/h3>\t\t\t\t<\/div>\n\t\t\t\t<\/div>\n\t\t<div class=\"elementor-element elementor-element-5b94c72 e-con-full e-flex kitify-col-width-auto-no ignore-docs-style-no kitify-disable-relative-no e-con e-child\" data-id=\"5b94c72\" data-element_type=\"container\" data-e-type=\"container\">\n\t\t\t\t<div class=\"elementor-element elementor-element-f23d663 elementor-widget elementor-widget-heading\" data-id=\"f23d663\" data-element_type=\"widget\" data-e-type=\"widget\" data-widget_type=\"heading.default\">\n\t\t\t\t\t<p class=\"elementor-heading-title elementor-size-default\"><p class=\"p1\" style=\"white-space: normal\"><span class=\"s1\"><b>DSV naci\u00f3 en plena pandemia<\/b><\/span>, desde nuestras casas, con la necesidad de emprender algo nuevo, flexible y con prop\u00f3sito. Ah\u00ed apareci\u00f3 esta idea que hoy amamos:&nbsp;<span class=\"s1\"><b>seleccionar, ordenar y vender muebles y objetos<\/b><\/span>&nbsp;que merecen seguir acompa\u00f1ando hogares, historias y momentos.<\/p><\/p>\t\t\t\t<\/div>\n\t\t\t\t<\/div>\n\t\t\t\t\t<\/div>\n\t\t\t\t<\/div>\n\t\t<div class=\"elementor-element elementor-element-a7f0400 e-flex e-con-boxed kitify-col-width-auto-no ignore-docs-style-no kitify-disable-relative-no elementor-invisible e-root-container elementor-top-section kitify-has-entrance-animation e-con e-parent\" data-id=\"a7f0400\" data-element_type=\"container\" data-e-type=\"container\" data-settings=\"{&quot;animation&quot;:&quot;kitifyShortFadeInUp&quot;}\">\n\t\t\t\t\t<div class=\"e-con-inner\">\n\t\t<div class=\"elementor-element elementor-element-aaeb36b e-con-full e-flex kitify-col-width-auto-no ignore-docs-style-no kitify-disable-relative-no e-con e-child\" data-id=\"aaeb36b\" data-element_type=\"container\" data-e-type=\"container\">\n\t\t\t\t<div class=\"elementor-element elementor-element-9666293 elementor-widget elementor-widget-heading\" data-id=\"9666293\" data-element_type=\"widget\" data-e-type=\"widget\" data-widget_type=\"heading.default\">\n\t\t\t\t\t<h3 class=\"elementor-heading-title elementor-size-default\">Innovation and Customization<\/h3>\t\t\t\t<\/div>\n\t\t\t\t<\/div>\n\t\t<div class=\"elementor-element elementor-element-7b17e48 e-con-full e-flex kitify-col-width-auto-no ignore-docs-style-no kitify-disable-relative-no e-con e-child\" data-id=\"7b17e48\" data-element_type=\"container\" data-e-type=\"container\">\n\t\t\t\t<div class=\"elementor-element elementor-element-f0c27c3 elementor-widget elementor-widget-heading\" data-id=\"f0c27c3\" data-element_type=\"widget\" data-e-type=\"widget\" data-widget_type=\"heading.default\">\n\t\t\t\t\t<p class=\"elementor-heading-title elementor-size-default\"><p class=\"p1\" style=\"white-space: normal\">Para nosotras, @desegundavez es mucho m\u00e1s que una tienda de segunda mano.<\/p><p class=\"p1\" style=\"white-space: normal\">Es&nbsp;<span class=\"s1\"><b>curator\u00eda, eficiencia y atenci\u00f3n real<\/b><\/span>. Nuestro sistema de inventarios a domicilio, la selecci\u00f3n personal de cada producto y nuestra respuesta r\u00e1pida a cada cliente son parte de lo que nos hace diferentes. Creemos en el consumo consciente, en cuidar lo que ya existe y en rescatar piezas que todav\u00eda tienen mucho que entregar.<\/p><\/p>\t\t\t\t<\/div>\n\t\t\t\t<\/div>\n\t\t\t\t\t<\/div>\n\t\t\t\t<\/div>\n\t\t<div class=\"elementor-element elementor-element-9a7f359 e-flex e-con-boxed kitify-col-width-auto-no ignore-docs-style-no kitify-disable-relative-no e-root-container elementor-top-section e-con e-parent\" data-id=\"9a7f359\" data-element_type=\"container\" data-e-type=\"container\">\n\t\t\t\t\t<div class=\"e-con-inner\">\n\t\t<div class=\"elementor-element elementor-element-52113a5 e-con-full e-flex kitify-col-width-auto-no ignore-docs-style-no kitify-disable-relative-no elementor-invisible kitify-has-entrance-animation e-con e-child\" data-id=\"52113a5\" data-element_type=\"container\" data-e-type=\"container\" data-settings=\"{&quot;animation&quot;:&quot;kitifyShortFadeInUp&quot;}\">\n\t\t\t\t<div class=\"elementor-element elementor-element-5fbb239 elementor-widget elementor-widget-counter\" data-id=\"5fbb239\" data-element_type=\"widget\" data-e-type=\"widget\" data-widget_type=\"counter.default\">\n\t\t\t\t\t\t\t<div class=\"elementor-counter\">\n\t\t\t<div class=\"elementor-counter-title\">Premium products<\/div>\t\t\t<div class=\"elementor-counter-number-wrapper\">\n\t\t\t\t<span class=\"elementor-counter-number-prefix\"><\/span>\n\t\t\t\t<span class=\"elementor-counter-number\" data-duration=\"2000\" data-to-value=\"450\" data-from-value=\"0\" data-delimiter=\",\">0<\/span>\n\t\t\t\t<span class=\"elementor-counter-number-suffix\">+<\/span>\n\t\t\t<\/div>\n\t\t<\/div>\n\t\t\t\t\t\t<\/div>\n\t\t\t\t<\/div>\n\t\t<div class=\"elementor-element elementor-element-b0e27af e-con-full e-flex kitify-col-width-auto-no ignore-docs-style-no kitify-disable-relative-no elementor-invisible kitify-has-entrance-animation e-con e-child\" data-id=\"b0e27af\" data-element_type=\"container\" data-e-type=\"container\" data-settings=\"{&quot;animation&quot;:&quot;kitifyShortFadeInUp&quot;,&quot;animation_delay&quot;:400}\">\n\t\t\t\t<div class=\"elementor-element elementor-element-1bab4be elementor-widget elementor-widget-counter\" data-id=\"1bab4be\" data-element_type=\"widget\" data-e-type=\"widget\" data-widget_type=\"counter.default\">\n\t\t\t\t\t\t\t<div class=\"elementor-counter\">\n\t\t\t<div class=\"elementor-counter-title\">Years experiences<\/div>\t\t\t<div class=\"elementor-counter-number-wrapper\">\n\t\t\t\t<span class=\"elementor-counter-number-prefix\"><\/span>\n\t\t\t\t<span class=\"elementor-counter-number\" data-duration=\"2000\" data-to-value=\"25\" data-from-value=\"0\" data-delimiter=\",\">0<\/span>\n\t\t\t\t<span class=\"elementor-counter-number-suffix\">+<\/span>\n\t\t\t<\/div>\n\t\t<\/div>\n\t\t\t\t\t\t<\/div>\n\t\t\t\t<\/div>\n\t\t<div class=\"elementor-element elementor-element-92ed50e e-con-full e-flex kitify-col-width-auto-no ignore-docs-style-no kitify-disable-relative-no elementor-invisible kitify-has-entrance-animation e-con e-child\" data-id=\"92ed50e\" data-element_type=\"container\" data-e-type=\"container\" data-settings=\"{&quot;animation&quot;:&quot;kitifyShortFadeInUp&quot;,&quot;animation_delay&quot;:500}\">\n\t\t\t\t<div class=\"elementor-element elementor-element-29e5f94 elementor-widget elementor-widget-counter\" data-id=\"29e5f94\" data-element_type=\"widget\" data-e-type=\"widget\" data-widget_type=\"counter.default\">\n\t\t\t\t\t\t\t<div class=\"elementor-counter\">\n\t\t\t<div class=\"elementor-counter-title\">Happy customers<\/div>\t\t\t<div class=\"elementor-counter-number-wrapper\">\n\t\t\t\t<span class=\"elementor-counter-number-prefix\"><\/span>\n\t\t\t\t<span class=\"elementor-counter-number\" data-duration=\"2000\" data-to-value=\"3600\" data-from-value=\"0\" data-delimiter=\",\">0<\/span>\n\t\t\t\t<span class=\"elementor-counter-number-suffix\">+<\/span>\n\t\t\t<\/div>\n\t\t<\/div>\n\t\t\t\t\t\t<\/div>\n\t\t\t\t<\/div>\n\t\t<div class=\"elementor-element elementor-element-f115eda e-con-full e-flex kitify-col-width-auto-no ignore-docs-style-no kitify-disable-relative-no elementor-invisible kitify-has-entrance-animation e-con e-child\" data-id=\"f115eda\" data-element_type=\"container\" data-e-type=\"container\" data-settings=\"{&quot;animation&quot;:&quot;kitifyShortFadeInUp&quot;,&quot;animation_delay&quot;:600}\">\n\t\t\t\t<div class=\"elementor-element elementor-element-4aeeb82 elementor-widget elementor-widget-counter\" data-id=\"4aeeb82\" data-element_type=\"widget\" data-e-type=\"widget\" data-widget_type=\"counter.default\">\n\t\t\t\t\t\t\t<div class=\"elementor-counter\">\n\t\t\t<div class=\"elementor-counter-title\">Award gained<\/div>\t\t\t<div class=\"elementor-counter-number-wrapper\">\n\t\t\t\t<span class=\"elementor-counter-number-prefix\"><\/span>\n\t\t\t\t<span class=\"elementor-counter-number\" data-duration=\"2000\" data-to-value=\"29\" data-from-value=\"0\" data-delimiter=\",\">0<\/span>\n\t\t\t\t<span class=\"elementor-counter-number-suffix\">+<\/span>\n\t\t\t<\/div>\n\t\t<\/div>\n\t\t\t\t\t\t<\/div>\n\t\t\t\t<\/div>\n\t\t\t\t\t<\/div>\n\t\t\t\t<\/div>\n\t\t<div class=\"elementor-element elementor-element-f428089 e-flex e-con-boxed kitify-col-width-auto-no ignore-docs-style-no kitify-disable-relative-no elementor-invisible e-root-container elementor-top-section kitify-has-entrance-animation e-con e-parent\" data-id=\"f428089\" data-element_type=\"container\" data-e-type=\"container\" data-settings=\"{&quot;animation&quot;:&quot;kitifyShortFadeInUp&quot;}\">\n\t\t\t\t\t<div class=\"e-con-inner\">\n\t\t\t\t<div class=\"elementor-element elementor-element-a6432ed elementor-widget elementor-widget-heading\" data-id=\"a6432ed\" data-element_type=\"widget\" data-e-type=\"widget\" data-widget_type=\"heading.default\">\n\t\t\t\t\t<h2 class=\"elementor-heading-title elementor-size-default\">Nosotras<\/h2>\t\t\t\t<\/div>\n\t\t\t\t<div class=\"elementor-element elementor-element-fc7f10c custom-carousel-preset-default kitify-carousel-item-effect-slide kitify-arrow--showonhover-no kitify-dots--vertical-no elementor-widget kitify elementor-kitify-team-member\" data-id=\"fc7f10c\" data-element_type=\"widget\" data-e-type=\"widget\" data-widget_type=\"kitify-team-member.default\">\n\t\t\t\t<div class=\"elementor-widget-container\">\n\t\t\t\t\t\n<div id=\"tm_fc7f10c\" class=\"kitify-team-member layout-type-grid preset-pop-card kitify-carousel\" data-slider_options=\"{&quot;slidesToScroll&quot;:{&quot;desktop&quot;:&quot;1&quot;,&quot;laptop&quot;:&quot;1&quot;,&quot;tablet&quot;:&quot;1&quot;,&quot;mobile_extra&quot;:&quot;1&quot;},&quot;rows&quot;:{&quot;desktop&quot;:&quot;1&quot;,&quot;laptop&quot;:&quot;1&quot;,&quot;tablet&quot;:&quot;1&quot;,&quot;mobile_extra&quot;:&quot;1&quot;},&quot;autoplaySpeed&quot;:5000,&quot;autoplay&quot;:false,&quot;infinite&quot;:false,&quot;centerMode&quot;:false,&quot;pauseOnHover&quot;:false,&quot;pauseOnInteraction&quot;:false,&quot;reverseDirection&quot;:false,&quot;infiniteEffect&quot;:false,&quot;speed&quot;:500,&quot;arrows&quot;:false,&quot;dots&quot;:false,&quot;variableWidth&quot;:false,&quot;prevArrow&quot;:&quot;.kitify-carousel__prev-arrow-fc7f10c&quot;,&quot;nextArrow&quot;:&quot;.kitify-carousel__next-arrow-fc7f10c&quot;,&quot;dotsElm&quot;:&quot;.kitify-carousel__dots_fc7f10c&quot;,&quot;rtl&quot;:false,&quot;effect&quot;:&quot;slide&quot;,&quot;coverflowEffect&quot;:{&quot;rotate&quot;:null,&quot;stretch&quot;:null,&quot;depth&quot;:null,&quot;modifier&quot;:null,&quot;slideShadows&quot;:null},&quot;dotType&quot;:&quot;bullets&quot;,&quot;direction&quot;:&quot;horizontal&quot;,&quot;uniqueID&quot;:&quot;kitify_carousel_fc7f10c&quot;,&quot;asFor&quot;:&quot;&quot;,&quot;autoHeight&quot;:false,&quot;slidesToShow&quot;:{&quot;desktop&quot;:&quot;2&quot;,&quot;mobile&quot;:&quot;1&quot;,&quot;mobile_extra&quot;:&quot;2&quot;,&quot;tablet&quot;:&quot;3&quot;,&quot;laptop&quot;:&quot;2&quot;}}\" dir=\"ltr\">\n    <div class=\"kitify-carousel-inner\">    <div class=\"kitify-team-member__list_wrapper swiper-container\">\n        <div class=\"kitify-team-member__list swiper-wrapper\" data-item_selector=\".kitify-team-member__item\" id=\"kitify_carousel_fc7f10c\">\n                                <div class=\"kitify-team-member__item swiper-slide\">\n                        <div class=\"kitify-team-member__inner-box\">\n                            <div class=\"kitify-team-member__inner\">\n                                <div class=\"kitify-team-member__image_wrap\">\n                                    <div class=\"kitify-team-member__link\"><figure class=\"figure__object_fit kitify-team-member__image\"><img decoding=\"async\" width=\"2314\" height=\"2097\" src=\"https:\/\/desegundavez.cl\/wp-content\/uploads\/2026\/03\/IMG_6524.jpg\" class=\"kitify-team-member__image-instance wp-post-image attachment-full size-full wp-image-7602\" alt=\"\" srcset=\"https:\/\/desegundavez.cl\/wp-content\/uploads\/2026\/03\/IMG_6524.jpg 2314w, https:\/\/desegundavez.cl\/wp-content\/uploads\/2026\/03\/IMG_6524-300x272.jpg 300w, https:\/\/desegundavez.cl\/wp-content\/uploads\/2026\/03\/IMG_6524-1024x928.jpg 1024w, https:\/\/desegundavez.cl\/wp-content\/uploads\/2026\/03\/IMG_6524-768x696.jpg 768w, https:\/\/desegundavez.cl\/wp-content\/uploads\/2026\/03\/IMG_6524-1536x1392.jpg 1536w, https:\/\/desegundavez.cl\/wp-content\/uploads\/2026\/03\/IMG_6524-2048x1856.jpg 2048w, https:\/\/desegundavez.cl\/wp-content\/uploads\/2026\/03\/IMG_6524-1000x906.jpg 1000w\" sizes=\"(max-width: 2314px) 100vw, 2314px\" \/><\/figure><\/div>                                <\/div>\n                                <div class=\"kitify-team-member__content\">\n                                        <h3 class=\"kitify-team-member__name\"><a >Trinidad Bezanilla<\/a><\/h3><div class=\"kitify-team-member__position\"><span>Co Founder<\/span><\/div>                                <\/div>\n                            <\/div>\n                        <\/div>\n                    <\/div>\n                                        <div class=\"kitify-team-member__item swiper-slide\">\n                        <div class=\"kitify-team-member__inner-box\">\n                            <div class=\"kitify-team-member__inner\">\n                                <div class=\"kitify-team-member__image_wrap\">\n                                    <div class=\"kitify-team-member__link\"><figure class=\"figure__object_fit kitify-team-member__image\"><img decoding=\"async\" width=\"1267\" height=\"1220\" src=\"https:\/\/desegundavez.cl\/wp-content\/uploads\/2026\/03\/WhatsApp-Image-2026-03-26-at-12.52.21-e1774540638258.jpeg\" class=\"kitify-team-member__image-instance wp-post-image attachment-full size-full wp-image-7603\" alt=\"\" srcset=\"https:\/\/desegundavez.cl\/wp-content\/uploads\/2026\/03\/WhatsApp-Image-2026-03-26-at-12.52.21-e1774540638258.jpeg 1267w, https:\/\/desegundavez.cl\/wp-content\/uploads\/2026\/03\/WhatsApp-Image-2026-03-26-at-12.52.21-e1774540638258-300x289.jpeg 300w, https:\/\/desegundavez.cl\/wp-content\/uploads\/2026\/03\/WhatsApp-Image-2026-03-26-at-12.52.21-e1774540638258-1024x986.jpeg 1024w, https:\/\/desegundavez.cl\/wp-content\/uploads\/2026\/03\/WhatsApp-Image-2026-03-26-at-12.52.21-e1774540638258-768x740.jpeg 768w, https:\/\/desegundavez.cl\/wp-content\/uploads\/2026\/03\/WhatsApp-Image-2026-03-26-at-12.52.21-e1774540638258-1000x963.jpeg 1000w\" sizes=\"(max-width: 1267px) 100vw, 1267px\" \/><\/figure><\/div>                                <\/div>\n                                <div class=\"kitify-team-member__content\">\n                                        <h3 class=\"kitify-team-member__name\"><a >Javiera Bezanilla<\/a><\/h3><div class=\"kitify-team-member__position\"><span>Creative Director<\/span><\/div>                                <\/div>\n                            <\/div>\n                        <\/div>\n                    <\/div>\n                            <\/div>\n    <\/div>\n    <\/div><\/div>\n\t\t\t\t<\/div>\n\t\t\t\t<\/div>\n\t\t\t\t\t<\/div>\n\t\t\t\t<\/div>\n\t\t<div class=\"elementor-element elementor-element-a76b72f e-flex e-con-boxed kitify-col-width-auto-no ignore-docs-style-no kitify-disable-relative-no e-root-container elementor-top-section e-con e-parent\" data-id=\"a76b72f\" data-element_type=\"container\" data-e-type=\"container\">\n\t\t\t\t\t<div class=\"e-con-inner\">\n\t\t\t\t<div class=\"elementor-element elementor-element-1bfe77f elementor-widget elementor-widget-spacer\" data-id=\"1bfe77f\" data-element_type=\"widget\" data-e-type=\"widget\" data-widget_type=\"spacer.default\">\n\t\t\t\t\t\t\t<div class=\"elementor-spacer\">\n\t\t\t<div class=\"elementor-spacer-inner\"><\/div>\n\t\t<\/div>\n\t\t\t\t\t\t<\/div>\n\t\t\t\t<div class=\"elementor-element elementor-element-18639a1 elementor-widget elementor-widget-spacer\" data-id=\"18639a1\" data-element_type=\"widget\" data-e-type=\"widget\" data-widget_type=\"spacer.default\">\n\t\t\t\t\t\t\t<div class=\"elementor-spacer\">\n\t\t\t<div class=\"elementor-spacer-inner\"><\/div>\n\t\t<\/div>\n\t\t\t\t\t\t<\/div>\n\t\t\t\t<div class=\"elementor-element elementor-element-4cd6ee6 elementor-widget elementor-widget-spacer\" data-id=\"4cd6ee6\" data-element_type=\"widget\" data-e-type=\"widget\" data-widget_type=\"spacer.default\">\n\t\t\t\t\t\t\t<div class=\"elementor-spacer\">\n\t\t\t<div class=\"elementor-spacer-inner\"><\/div>\n\t\t<\/div>\n\t\t\t\t\t\t<\/div>\n\t\t\t\t\t<\/div>\n\t\t\t\t<\/div>\n\t\t\t\t<\/div>\n\t\t","protected":false},"excerpt":{"rendered":"<p>Somos&nbsp;De Segunda Vez. Established in 2008 Detr\u00e1s de este proyecto hay dos hermanas, una casa llena de historias y una misi\u00f3n simple y profunda:&nbsp;darle una nueva vida a lo que otros ya no usan. The Early Years Trinidad Bezanilla es artista visual, gestora cultural y mam\u00e1. Su mundo est\u00e1 hecho de pintura, danza y objetos con alma. Javiera Bezanilla es\u2026<\/p>\n","protected":false},"author":1,"featured_media":0,"parent":0,"menu_order":0,"comment_status":"closed","ping_status":"closed","template":"","meta":{"footnotes":""},"class_list":["post-7019","page","type-page","status-publish","hentry"],"_links":{"self":[{"href":"https:\/\/desegundavez.cl\/index.php?rest_route=\/wp\/v2\/pages\/7019","targetHints":{"allow":["GET"]}}],"collection":[{"href":"https:\/\/desegundavez.cl\/index.php?rest_route=\/wp\/v2\/pages"}],"about":[{"href":"https:\/\/desegundavez.cl\/index.php?rest_route=\/wp\/v2\/types\/page"}],"author":[{"embeddable":true,"href":"https:\/\/desegundavez.cl\/index.php?rest_route=\/wp\/v2\/users\/1"}],"replies":[{"embeddable":true,"href":"https:\/\/desegundavez.cl\/index.php?rest_route=%2Fwp%2Fv2%2Fcomments&post=7019"}],"version-history":[{"count":20,"href":"https:\/\/desegundavez.cl\/index.php?rest_route=\/wp\/v2\/pages\/7019\/revisions"}],"predecessor-version":[{"id":7609,"href":"https:\/\/desegundavez.cl\/index.php?rest_route=\/wp\/v2\/pages\/7019\/revisions\/7609"}],"wp:attachment":[{"href":"https:\/\/desegundavez.cl\/index.php?rest_route=%2Fwp%2Fv2%2Fmedia&parent=7019"}],"curies":[{"name":"wp","href":"https:\/\/api.w.org\/{rel}","templated":true}]}}