{"id":7761,"date":"2026-04-20T16:28:33","date_gmt":"2026-04-20T16:28:33","guid":{"rendered":"https:\/\/desegundavez.cl\/?page_id=7761"},"modified":"2026-04-24T20:37:05","modified_gmt":"2026-04-24T20:37:05","slug":"7761-2","status":"publish","type":"page","link":"https:\/\/desegundavez.cl\/?page_id=7761","title":{"rendered":"Politicas devolucion"},"content":{"rendered":"\t\t<div data-elementor-type=\"wp-page\" data-elementor-id=\"7761\" class=\"elementor elementor-7761\">\n\t\t\t\t<div class=\"elementor-element elementor-element-9871eee e-flex e-con-boxed kitify-col-width-auto-no ignore-docs-style-no kitify-disable-relative-no e-root-container elementor-top-section e-con e-parent\" data-id=\"9871eee\" data-element_type=\"container\" data-e-type=\"container\">\n\t\t\t\t\t<div class=\"e-con-inner\">\n\t\t\t\t<div class=\"elementor-element elementor-element-1675580 elementor-widget elementor-widget-heading\" data-id=\"1675580\" data-element_type=\"widget\" data-e-type=\"widget\" data-widget_type=\"heading.default\">\n\t\t\t\t\t<h2 class=\"elementor-heading-title elementor-size-default\">Politicas devoluci\u00f3n .<br><br><\/h2>\t\t\t\t<\/div>\n\t\t\t\t\t<\/div>\n\t\t\t\t<\/div>\n\t\t<div class=\"elementor-element elementor-element-505a95b e-grid e-con-boxed kitify-col-width-auto-no ignore-docs-style-no kitify-disable-relative-no e-root-container elementor-top-section e-con e-parent\" data-id=\"505a95b\" data-element_type=\"container\" data-e-type=\"container\">\n\t\t\t\t\t<div class=\"e-con-inner\">\n\t\t\t\t<div class=\"elementor-element elementor-element-37f6a13 elementor-widget elementor-widget-text-editor\" data-id=\"37f6a13\" data-element_type=\"widget\" data-e-type=\"widget\" data-widget_type=\"text-editor.default\">\n\t\t\t\t\t\t\t\t\t<p><strong>Asegurate de leer bien las pol\u00edticas al comprar!<\/strong><\/p><p>Te devolvemos el 100%<\/p><p>si el producto no es como lo publicamos<\/p><p>(corroborar con im\u00e1genes), en otros casos se de<\/p><p>vuelve el monto menos nuestra comisi\u00f3n.<\/p><p><strong>PLAZOS DE DEVOLUCI\u00d3N<\/strong><\/p><p>-Si tu est\u00e1s retirando, hacer la devoluci\u00f3n en el. momento del retiro (no te lo lleves)<\/p><p>-Si es despacho, son dos d\u00edas h\u00e1biles para devolverlo.<\/p><p>-En caso de electro o productos para armado, son 3 dias habiles.<\/p><p>SER\u00c1 TU RESPONSABILIDAD DEVOLVER EL PRODUCTO, LUEGO SE HACE<\/p><p>EL REEMBOLSO.<\/p><p>*Son 10 dias para hacer validas las garant\u00edas de devoluci\u00f3n<span style=\"font-size: inherit;\">.<\/span><\/p><p><span style=\"font-size: inherit;\">\u00a0<\/span><\/p>\t\t\t\t\t\t\t\t<\/div>\n\t\t\t\t<div class=\"elementor-element elementor-element-a7e77d7 elementor-widget elementor-widget-image\" data-id=\"a7e77d7\" data-element_type=\"widget\" data-e-type=\"widget\" data-widget_type=\"image.default\">\n\t\t\t\t\t\t\t\t\t\t\t\t\t\t\t<img fetchpriority=\"high\" decoding=\"async\" width=\"1024\" height=\"654\" src=\"https:\/\/desegundavez.cl\/wp-content\/uploads\/2026\/04\/CBBE9784-74BD-4697-A2CC-1A5BCEBA70E6.jpeg\" class=\"attachment-large size-large wp-image-8037\" alt=\"\" srcset=\"https:\/\/desegundavez.cl\/wp-content\/uploads\/2026\/04\/CBBE9784-74BD-4697-A2CC-1A5BCEBA70E6.jpeg 1024w, https:\/\/desegundavez.cl\/wp-content\/uploads\/2026\/04\/CBBE9784-74BD-4697-A2CC-1A5BCEBA70E6-300x192.jpeg 300w, https:\/\/desegundavez.cl\/wp-content\/uploads\/2026\/04\/CBBE9784-74BD-4697-A2CC-1A5BCEBA70E6-768x491.jpeg 768w, https:\/\/desegundavez.cl\/wp-content\/uploads\/2026\/04\/CBBE9784-74BD-4697-A2CC-1A5BCEBA70E6-1000x639.jpeg 1000w\" sizes=\"(max-width: 1024px) 100vw, 1024px\" \/>\t\t\t\t\t\t\t\t\t\t\t\t\t\t\t<\/div>\n\t\t\t\t\t<\/div>\n\t\t\t\t<\/div>\n\t\t<div class=\"elementor-element elementor-element-1d08b8d e-flex e-con-boxed kitify-col-width-auto-no ignore-docs-style-no kitify-disable-relative-no e-root-container elementor-top-section e-con e-parent\" data-id=\"1d08b8d\" data-element_type=\"container\" data-e-type=\"container\">\n\t\t\t\t\t<div class=\"e-con-inner\">\n\t\t\t\t<div class=\"elementor-element elementor-element-8350504 elementor-widget elementor-widget-image\" data-id=\"8350504\" data-element_type=\"widget\" data-e-type=\"widget\" data-widget_type=\"image.default\">\n\t\t\t\t\t\t\t\t\t\t\t\t\t\t\t<img decoding=\"async\" width=\"300\" height=\"134\" src=\"https:\/\/desegundavez.cl\/wp-content\/uploads\/2025\/11\/dsv-logo-01-300x134.png\" class=\"attachment-medium size-medium wp-image-7356\" alt=\"\" srcset=\"https:\/\/desegundavez.cl\/wp-content\/uploads\/2025\/11\/dsv-logo-01-300x134.png 300w, https:\/\/desegundavez.cl\/wp-content\/uploads\/2025\/11\/dsv-logo-01-scaled-1000x446.png 1000w, https:\/\/desegundavez.cl\/wp-content\/uploads\/2025\/11\/dsv-logo-01-1024x456.png 1024w, https:\/\/desegundavez.cl\/wp-content\/uploads\/2025\/11\/dsv-logo-01-768x342.png 768w, https:\/\/desegundavez.cl\/wp-content\/uploads\/2025\/11\/dsv-logo-01-1536x684.png 1536w, https:\/\/desegundavez.cl\/wp-content\/uploads\/2025\/11\/dsv-logo-01-2048x912.png 2048w\" sizes=\"(max-width: 300px) 100vw, 300px\" \/>\t\t\t\t\t\t\t\t\t\t\t\t\t\t\t<\/div>\n\t\t\t\t\t<\/div>\n\t\t\t\t<\/div>\n\t\t\t\t<\/div>\n\t\t","protected":false},"excerpt":{"rendered":"<p>Politicas devoluci\u00f3n . Asegurate de leer bien las pol\u00edticas al comprar! Te devolvemos el 100% si el producto no es como lo publicamos (corroborar con im\u00e1genes), en otros casos se de vuelve el monto menos nuestra comisi\u00f3n. PLAZOS DE DEVOLUCI\u00d3N -Si tu est\u00e1s retirando, hacer la devoluci\u00f3n en el. momento del retiro (no te lo lleves) -Si es despacho, son\u2026<\/p>\n","protected":false},"author":1,"featured_media":0,"parent":7017,"menu_order":0,"comment_status":"closed","ping_status":"closed","template":"","meta":{"footnotes":""},"class_list":["post-7761","page","type-page","status-publish","hentry"],"_links":{"self":[{"href":"https:\/\/desegundavez.cl\/index.php?rest_route=\/wp\/v2\/pages\/7761","targetHints":{"allow":["GET"]}}],"collection":[{"href":"https:\/\/desegundavez.cl\/index.php?rest_route=\/wp\/v2\/pages"}],"about":[{"href":"https:\/\/desegundavez.cl\/index.php?rest_route=\/wp\/v2\/types\/page"}],"author":[{"embeddable":true,"href":"https:\/\/desegundavez.cl\/index.php?rest_route=\/wp\/v2\/users\/1"}],"replies":[{"embeddable":true,"href":"https:\/\/desegundavez.cl\/index.php?rest_route=%2Fwp%2Fv2%2Fcomments&post=7761"}],"version-history":[{"count":57,"href":"https:\/\/desegundavez.cl\/index.php?rest_route=\/wp\/v2\/pages\/7761\/revisions"}],"predecessor-version":[{"id":8074,"href":"https:\/\/desegundavez.cl\/index.php?rest_route=\/wp\/v2\/pages\/7761\/revisions\/8074"}],"up":[{"embeddable":true,"href":"https:\/\/desegundavez.cl\/index.php?rest_route=\/wp\/v2\/pages\/7017"}],"wp:attachment":[{"href":"https:\/\/desegundavez.cl\/index.php?rest_route=%2Fwp%2Fv2%2Fmedia&parent=7761"}],"curies":[{"name":"wp","href":"https:\/\/api.w.org\/{rel}","templated":true}]}}