{"id":7953,"date":"2026-04-22T16:46:48","date_gmt":"2026-04-22T16:46:48","guid":{"rendered":"https:\/\/desegundavez.cl\/?page_id=7953"},"modified":"2026-04-24T20:39:24","modified_gmt":"2026-04-24T20:39:24","slug":"elementor-7953","status":"publish","type":"page","link":"https:\/\/desegundavez.cl\/?page_id=7953","title":{"rendered":"Info para publicar"},"content":{"rendered":"\t\t<div data-elementor-type=\"wp-page\" data-elementor-id=\"7953\" class=\"elementor elementor-7953\">\n\t\t\t\t<div class=\"elementor-element elementor-element-7223110 e-flex e-con-boxed kitify-col-width-auto-no ignore-docs-style-no kitify-disable-relative-no e-root-container elementor-top-section e-con e-parent\" data-id=\"7223110\" data-element_type=\"container\" data-e-type=\"container\">\n\t\t\t\t\t<div class=\"e-con-inner\">\n\t\t\t\t<div class=\"elementor-element elementor-element-637adcc elementor-widget elementor-widget-heading\" data-id=\"637adcc\" data-element_type=\"widget\" data-e-type=\"widget\" data-widget_type=\"heading.default\">\n\t\t\t\t\t<h2 class=\"elementor-heading-title elementor-size-default\">Informaci\u00f3n precisa para publicar.<br><br><\/h2>\t\t\t\t<\/div>\n\t\t\t\t\t<\/div>\n\t\t\t\t<\/div>\n\t\t<div class=\"elementor-element elementor-element-e90cce8 e-flex e-con-boxed kitify-col-width-auto-no ignore-docs-style-no kitify-disable-relative-no e-root-container elementor-top-section e-con e-parent\" data-id=\"e90cce8\" data-element_type=\"container\" data-e-type=\"container\">\n\t\t\t\t\t<div class=\"e-con-inner\">\n\t\t\t\t<div class=\"elementor-element elementor-element-0deea26 elementor-widget elementor-widget-text-editor\" data-id=\"0deea26\" data-element_type=\"widget\" data-e-type=\"widget\" data-widget_type=\"text-editor.default\">\n\t\t\t\t\t\t\t\t\t<p><strong>Para publicar lo que quieres vender, necesitamos:<\/strong><\/p><p>Fotos y\/o videos mas una breve descripci\u00f3n que contenga:<\/p><p>-Medidas.<\/p><p>&#8211; Materialidad.<\/p><p>-Estado y detalles con fotos.<\/p><p>-Comuna de retiro.<\/p><p>-Precio final (que incluya la comisi\u00f3n del 20% mas el IVA de \u00e9sta)<\/p><p>-Tel\u00e9fono, e-mail y nombre de contacto.<\/p><p>\u00a0<\/p><p><strong>ENV\u00cdA ESTA INFO A:<\/strong><\/p><p><strong>e-mail: contacto@desegundavez.com<\/strong><\/p><p><strong>whatsapp: +569 20217016<\/strong><\/p>\t\t\t\t\t\t\t\t<\/div>\n\t\t\t\t\t<\/div>\n\t\t\t\t<\/div>\n\t\t<div class=\"elementor-element elementor-element-6c8167c e-flex e-con-boxed kitify-col-width-auto-no ignore-docs-style-no kitify-disable-relative-no e-root-container elementor-top-section e-con e-parent\" data-id=\"6c8167c\" data-element_type=\"container\" data-e-type=\"container\">\n\t\t\t\t\t<div class=\"e-con-inner\">\n\t\t\t\t<div class=\"elementor-element elementor-element-e137f37 elementor-widget elementor-widget-image\" data-id=\"e137f37\" data-element_type=\"widget\" data-e-type=\"widget\" data-widget_type=\"image.default\">\n\t\t\t\t\t\t\t\t\t\t\t\t\t\t\t<img decoding=\"async\" width=\"300\" height=\"134\" src=\"https:\/\/desegundavez.cl\/wp-content\/uploads\/2025\/11\/dsv-logo-01-300x134.png\" class=\"attachment-medium size-medium wp-image-7356\" alt=\"\" srcset=\"https:\/\/desegundavez.cl\/wp-content\/uploads\/2025\/11\/dsv-logo-01-300x134.png 300w, https:\/\/desegundavez.cl\/wp-content\/uploads\/2025\/11\/dsv-logo-01-scaled-1000x446.png 1000w, https:\/\/desegundavez.cl\/wp-content\/uploads\/2025\/11\/dsv-logo-01-1024x456.png 1024w, https:\/\/desegundavez.cl\/wp-content\/uploads\/2025\/11\/dsv-logo-01-768x342.png 768w, https:\/\/desegundavez.cl\/wp-content\/uploads\/2025\/11\/dsv-logo-01-1536x684.png 1536w, https:\/\/desegundavez.cl\/wp-content\/uploads\/2025\/11\/dsv-logo-01-2048x912.png 2048w\" sizes=\"(max-width: 300px) 100vw, 300px\" \/>\t\t\t\t\t\t\t\t\t\t\t\t\t\t\t<\/div>\n\t\t\t\t\t<\/div>\n\t\t\t\t<\/div>\n\t\t\t\t<\/div>\n\t\t","protected":false},"excerpt":{"rendered":"<p>Informaci\u00f3n precisa para publicar. Para publicar lo que quieres vender, necesitamos: Fotos y\/o videos mas una breve descripci\u00f3n que contenga: -Medidas. &#8211; Materialidad. -Estado y detalles con fotos. -Comuna de retiro. -Precio final (que incluya la comisi\u00f3n del 20% mas el IVA de \u00e9sta) -Tel\u00e9fono, e-mail y nombre de contacto. \u00a0 ENV\u00cdA ESTA INFO A: e-mail: contacto@desegundavez.com whatsapp: +569 20217016<\/p>\n","protected":false},"author":1,"featured_media":0,"parent":0,"menu_order":0,"comment_status":"closed","ping_status":"closed","template":"","meta":{"footnotes":""},"class_list":["post-7953","page","type-page","status-publish","hentry"],"_links":{"self":[{"href":"https:\/\/desegundavez.cl\/index.php?rest_route=\/wp\/v2\/pages\/7953","targetHints":{"allow":["GET"]}}],"collection":[{"href":"https:\/\/desegundavez.cl\/index.php?rest_route=\/wp\/v2\/pages"}],"about":[{"href":"https:\/\/desegundavez.cl\/index.php?rest_route=\/wp\/v2\/types\/page"}],"author":[{"embeddable":true,"href":"https:\/\/desegundavez.cl\/index.php?rest_route=\/wp\/v2\/users\/1"}],"replies":[{"embeddable":true,"href":"https:\/\/desegundavez.cl\/index.php?rest_route=%2Fwp%2Fv2%2Fcomments&post=7953"}],"version-history":[{"count":33,"href":"https:\/\/desegundavez.cl\/index.php?rest_route=\/wp\/v2\/pages\/7953\/revisions"}],"predecessor-version":[{"id":8077,"href":"https:\/\/desegundavez.cl\/index.php?rest_route=\/wp\/v2\/pages\/7953\/revisions\/8077"}],"wp:attachment":[{"href":"https:\/\/desegundavez.cl\/index.php?rest_route=%2Fwp%2Fv2%2Fmedia&parent=7953"}],"curies":[{"name":"wp","href":"https:\/\/api.w.org\/{rel}","templated":true}]}}